{"id":67,"date":"2024-08-20T20:07:37","date_gmt":"2024-08-20T20:07:37","guid":{"rendered":"https:\/\/tvfix.lt\/?page_id=67"},"modified":"2024-08-21T19:03:50","modified_gmt":"2024-08-21T19:03:50","slug":"kaip-pradeti","status":"publish","type":"page","link":"https:\/\/tvfix.lt\/?page_id=67","title":{"rendered":"Kaip Prad\u0117ti?"},"content":{"rendered":"<p><img fetchpriority=\"high\" decoding=\"async\" class=\"size-medium wp-image-54\" src=\"https:\/\/tvfix.lt\/wp-content\/uploads\/2024\/08\/Depositphotos_451983948_XL-300x200.jpg\" alt=\"\" width=\"300\" height=\"200\" \/><\/p>\n<ol>\n<li><strong>U\u017epildykite Kontaktin\u0119 Form\u0105:<\/strong> Greitai ir lengvai u\u017esakykite remonto paslaug\u0105 internetu.<\/li>\n<li><strong>Skambinkite Mums:<\/strong> M\u016bs\u0173 draugi\u0161ki operatoriai pasiruo\u0161\u0119 pad\u0117ti jums telefonu ir suteikti reikiam\u0105 informacij\u0105.<\/li>\n<li><strong>Atvykite \u012f M\u016bs\u0173 Servis\u0105:<\/strong> Jei patogiau, atvykite su savo televizoriumi tiesiai \u012f m\u016bs\u0173 servis\u0105 \u2013 mes pasir\u016bpinsime viskuo.<\/li>\n<\/ol>\n","protected":false},"excerpt":{"rendered":"<p>U\u017epildykite Kontaktin\u0119 Form\u0105: Greitai ir lengvai u\u017esakykite remonto paslaug\u0105 internetu. Skambinkite Mums: M\u016bs\u0173 draugi\u0161ki operatoriai pasiruo\u0161\u0119 pad\u0117ti jums telefonu ir suteikti reikiam\u0105 informacij\u0105. Atvykite \u012f M\u016bs\u0173 Servis\u0105: Jei patogiau, atvykite su savo televizoriumi tiesiai \u012f m\u016bs\u0173 servis\u0105 \u2013 mes pasir\u016bpinsime viskuo.<\/p>\n","protected":false},"author":1,"featured_media":0,"parent":0,"menu_order":3,"comment_status":"closed","ping_status":"closed","template":"","meta":{"_eb_attr":"","footnotes":""},"class_list":["post-67","page","type-page","status-publish","hentry","entry"],"yoast_head":"<!-- This site is optimized with the Yoast SEO plugin v24.3 - https:\/\/yoast.com\/wordpress\/plugins\/seo\/ -->\n<title>Kaip Prad\u0117ti? - TV Fix \u2013 J\u016bs\u0173 Patikimiausias Televizori\u0173 Remonto Partneris<\/title>\n<meta name=\"robots\" content=\"index, follow, max-snippet:-1, max-image-preview:large, max-video-preview:-1\" \/>\n<link rel=\"canonical\" href=\"https:\/\/tvfix.lt\/?page_id=67\" \/>\n<meta property=\"og:locale\" content=\"lt_LT\" \/>\n<meta property=\"og:type\" content=\"article\" \/>\n<meta property=\"og:title\" content=\"Kaip Prad\u0117ti? - TV Fix \u2013 J\u016bs\u0173 Patikimiausias Televizori\u0173 Remonto Partneris\" \/>\n<meta property=\"og:description\" content=\"U\u017epildykite Kontaktin\u0119 Form\u0105: Greitai ir lengvai u\u017esakykite remonto paslaug\u0105 internetu. Skambinkite Mums: M\u016bs\u0173 draugi\u0161ki operatoriai pasiruo\u0161\u0119 pad\u0117ti jums telefonu ir suteikti reikiam\u0105 informacij\u0105. Atvykite \u012f M\u016bs\u0173 Servis\u0105: Jei patogiau, atvykite su savo televizoriumi tiesiai \u012f m\u016bs\u0173 servis\u0105 \u2013 mes pasir\u016bpinsime viskuo.\" \/>\n<meta property=\"og:url\" content=\"https:\/\/tvfix.lt\/?page_id=67\" \/>\n<meta property=\"og:site_name\" content=\"TV Fix \u2013 J\u016bs\u0173 Patikimiausias Televizori\u0173 Remonto Partneris\" \/>\n<meta property=\"article:modified_time\" content=\"2024-08-21T19:03:50+00:00\" \/>\n<meta property=\"og:image\" content=\"https:\/\/tvfix.lt\/wp-content\/uploads\/2024\/08\/Depositphotos_451983948_XL-scaled-e1724218685102.jpg\" \/>\n\t<meta property=\"og:image:width\" content=\"450\" \/>\n\t<meta property=\"og:image:height\" content=\"300\" \/>\n\t<meta property=\"og:image:type\" content=\"image\/jpeg\" \/>\n<meta name=\"twitter:card\" content=\"summary_large_image\" \/>\n<script type=\"application\/ld+json\" class=\"yoast-schema-graph\">{\"@context\":\"https:\/\/schema.org\",\"@graph\":[{\"@type\":\"WebPage\",\"@id\":\"https:\/\/tvfix.lt\/?page_id=67\",\"url\":\"https:\/\/tvfix.lt\/?page_id=67\",\"name\":\"Kaip Prad\u0117ti? - TV Fix \u2013 J\u016bs\u0173 Patikimiausias Televizori\u0173 Remonto Partneris\",\"isPartOf\":{\"@id\":\"https:\/\/tvfix.lt\/#website\"},\"primaryImageOfPage\":{\"@id\":\"https:\/\/tvfix.lt\/?page_id=67#primaryimage\"},\"image\":{\"@id\":\"https:\/\/tvfix.lt\/?page_id=67#primaryimage\"},\"thumbnailUrl\":\"https:\/\/tvfix.lt\/wp-content\/uploads\/2024\/08\/Depositphotos_451983948_XL-300x200.jpg\",\"datePublished\":\"2024-08-20T20:07:37+00:00\",\"dateModified\":\"2024-08-21T19:03:50+00:00\",\"breadcrumb\":{\"@id\":\"https:\/\/tvfix.lt\/?page_id=67#breadcrumb\"},\"inLanguage\":\"lt-LT\",\"potentialAction\":[{\"@type\":\"ReadAction\",\"target\":[\"https:\/\/tvfix.lt\/?page_id=67\"]}]},{\"@type\":\"ImageObject\",\"inLanguage\":\"lt-LT\",\"@id\":\"https:\/\/tvfix.lt\/?page_id=67#primaryimage\",\"url\":\"https:\/\/tvfix.lt\/wp-content\/uploads\/2024\/08\/Depositphotos_451983948_XL-scaled-e1724218685102.jpg\",\"contentUrl\":\"https:\/\/tvfix.lt\/wp-content\/uploads\/2024\/08\/Depositphotos_451983948_XL-scaled-e1724218685102.jpg\",\"width\":450,\"height\":300,\"caption\":\"LCD TV repair. Technician disassembles large monitor case to replace LED board. Elimination of malfunction household appliances.\"},{\"@type\":\"BreadcrumbList\",\"@id\":\"https:\/\/tvfix.lt\/?page_id=67#breadcrumb\",\"itemListElement\":[{\"@type\":\"ListItem\",\"position\":1,\"name\":\"Home\",\"item\":\"https:\/\/tvfix.lt\/\"},{\"@type\":\"ListItem\",\"position\":2,\"name\":\"Kaip Prad\u0117ti?\"}]},{\"@type\":\"WebSite\",\"@id\":\"https:\/\/tvfix.lt\/#website\",\"url\":\"https:\/\/tvfix.lt\/\",\"name\":\"TV Fix \u2013 J\u016bs\u0173 Patikimiausias Televizori\u0173 Remonto Partneris\",\"description\":\"Ar j\u016bs\u0173 televizorius neberodo vaizdo, o gal n\u0117ra garso? Nesijaudinkite \u2013 mes pasiruo\u0161\u0119 jums pad\u0117ti! Su daugiau nei 35 met\u0173 patirtimi televizori\u0173 remonto srityje, \u201eTV Fix\u201c komanda yra pasiruo\u0161usi greitai ir profesionaliai i\u0161spr\u0119sti bet koki\u0105 problem\u0105.\",\"potentialAction\":[{\"@type\":\"SearchAction\",\"target\":{\"@type\":\"EntryPoint\",\"urlTemplate\":\"https:\/\/tvfix.lt\/?s={search_term_string}\"},\"query-input\":{\"@type\":\"PropertyValueSpecification\",\"valueRequired\":true,\"valueName\":\"search_term_string\"}}],\"inLanguage\":\"lt-LT\"}]}<\/script>\n<!-- \/ Yoast SEO plugin. -->","yoast_head_json":{"title":"Kaip Prad\u0117ti? - TV Fix \u2013 J\u016bs\u0173 Patikimiausias Televizori\u0173 Remonto Partneris","robots":{"index":"index","follow":"follow","max-snippet":"max-snippet:-1","max-image-preview":"max-image-preview:large","max-video-preview":"max-video-preview:-1"},"canonical":"https:\/\/tvfix.lt\/?page_id=67","og_locale":"lt_LT","og_type":"article","og_title":"Kaip Prad\u0117ti? - TV Fix \u2013 J\u016bs\u0173 Patikimiausias Televizori\u0173 Remonto Partneris","og_description":"U\u017epildykite Kontaktin\u0119 Form\u0105: Greitai ir lengvai u\u017esakykite remonto paslaug\u0105 internetu. Skambinkite Mums: M\u016bs\u0173 draugi\u0161ki operatoriai pasiruo\u0161\u0119 pad\u0117ti jums telefonu ir suteikti reikiam\u0105 informacij\u0105. Atvykite \u012f M\u016bs\u0173 Servis\u0105: Jei patogiau, atvykite su savo televizoriumi tiesiai \u012f m\u016bs\u0173 servis\u0105 \u2013 mes pasir\u016bpinsime viskuo.","og_url":"https:\/\/tvfix.lt\/?page_id=67","og_site_name":"TV Fix \u2013 J\u016bs\u0173 Patikimiausias Televizori\u0173 Remonto Partneris","article_modified_time":"2024-08-21T19:03:50+00:00","og_image":[{"width":450,"height":300,"url":"https:\/\/tvfix.lt\/wp-content\/uploads\/2024\/08\/Depositphotos_451983948_XL-scaled-e1724218685102.jpg","type":"image\/jpeg"}],"twitter_card":"summary_large_image","schema":{"@context":"https:\/\/schema.org","@graph":[{"@type":"WebPage","@id":"https:\/\/tvfix.lt\/?page_id=67","url":"https:\/\/tvfix.lt\/?page_id=67","name":"Kaip Prad\u0117ti? - TV Fix \u2013 J\u016bs\u0173 Patikimiausias Televizori\u0173 Remonto Partneris","isPartOf":{"@id":"https:\/\/tvfix.lt\/#website"},"primaryImageOfPage":{"@id":"https:\/\/tvfix.lt\/?page_id=67#primaryimage"},"image":{"@id":"https:\/\/tvfix.lt\/?page_id=67#primaryimage"},"thumbnailUrl":"https:\/\/tvfix.lt\/wp-content\/uploads\/2024\/08\/Depositphotos_451983948_XL-300x200.jpg","datePublished":"2024-08-20T20:07:37+00:00","dateModified":"2024-08-21T19:03:50+00:00","breadcrumb":{"@id":"https:\/\/tvfix.lt\/?page_id=67#breadcrumb"},"inLanguage":"lt-LT","potentialAction":[{"@type":"ReadAction","target":["https:\/\/tvfix.lt\/?page_id=67"]}]},{"@type":"ImageObject","inLanguage":"lt-LT","@id":"https:\/\/tvfix.lt\/?page_id=67#primaryimage","url":"https:\/\/tvfix.lt\/wp-content\/uploads\/2024\/08\/Depositphotos_451983948_XL-scaled-e1724218685102.jpg","contentUrl":"https:\/\/tvfix.lt\/wp-content\/uploads\/2024\/08\/Depositphotos_451983948_XL-scaled-e1724218685102.jpg","width":450,"height":300,"caption":"LCD TV repair. Technician disassembles large monitor case to replace LED board. Elimination of malfunction household appliances."},{"@type":"BreadcrumbList","@id":"https:\/\/tvfix.lt\/?page_id=67#breadcrumb","itemListElement":[{"@type":"ListItem","position":1,"name":"Home","item":"https:\/\/tvfix.lt\/"},{"@type":"ListItem","position":2,"name":"Kaip Prad\u0117ti?"}]},{"@type":"WebSite","@id":"https:\/\/tvfix.lt\/#website","url":"https:\/\/tvfix.lt\/","name":"TV Fix \u2013 J\u016bs\u0173 Patikimiausias Televizori\u0173 Remonto Partneris","description":"Ar j\u016bs\u0173 televizorius neberodo vaizdo, o gal n\u0117ra garso? Nesijaudinkite \u2013 mes pasiruo\u0161\u0119 jums pad\u0117ti! Su daugiau nei 35 met\u0173 patirtimi televizori\u0173 remonto srityje, \u201eTV Fix\u201c komanda yra pasiruo\u0161usi greitai ir profesionaliai i\u0161spr\u0119sti bet koki\u0105 problem\u0105.","potentialAction":[{"@type":"SearchAction","target":{"@type":"EntryPoint","urlTemplate":"https:\/\/tvfix.lt\/?s={search_term_string}"},"query-input":{"@type":"PropertyValueSpecification","valueRequired":true,"valueName":"search_term_string"}}],"inLanguage":"lt-LT"}]}},"jetpack_sharing_enabled":true,"_links":{"self":[{"href":"https:\/\/tvfix.lt\/index.php?rest_route=\/wp\/v2\/pages\/67","targetHints":{"allow":["GET"]}}],"collection":[{"href":"https:\/\/tvfix.lt\/index.php?rest_route=\/wp\/v2\/pages"}],"about":[{"href":"https:\/\/tvfix.lt\/index.php?rest_route=\/wp\/v2\/types\/page"}],"author":[{"embeddable":true,"href":"https:\/\/tvfix.lt\/index.php?rest_route=\/wp\/v2\/users\/1"}],"replies":[{"embeddable":true,"href":"https:\/\/tvfix.lt\/index.php?rest_route=%2Fwp%2Fv2%2Fcomments&post=67"}],"version-history":[{"count":5,"href":"https:\/\/tvfix.lt\/index.php?rest_route=\/wp\/v2\/pages\/67\/revisions"}],"predecessor-version":[{"id":98,"href":"https:\/\/tvfix.lt\/index.php?rest_route=\/wp\/v2\/pages\/67\/revisions\/98"}],"wp:attachment":[{"href":"https:\/\/tvfix.lt\/index.php?rest_route=%2Fwp%2Fv2%2Fmedia&parent=67"}],"curies":[{"name":"wp","href":"https:\/\/api.w.org\/{rel}","templated":true}]}}